{"id":13,"date":"2016-01-03T19:11:56","date_gmt":"2016-01-03T19:11:56","guid":{"rendered":"http:\/\/zorgathuis.nl\/?page_id=13"},"modified":"2020-12-13T12:25:01","modified_gmt":"2020-12-13T12:25:01","slug":"zorghuis","status":"publish","type":"page","link":"http:\/\/zorgathuis.nl\/?page_id=13","title":{"rendered":"Zorg@Huis"},"content":{"rendered":"<p><strong>Dagopvang.<\/strong><\/p>\n<p>Op maandag, dinsdag en donderdag bied ik dagopvang aan mensen met beginnende dementie, mensen die eenzaam zijn en gebaat zijn om afleiding\/structuur te krijgen. De cli\u00ebnt is van 10.00-16.00 uur bij mij thuis aanwezig. De activiteiten op een dag worden afgestemd op de behoefte van de cli\u00ebnt. Kleinschalig wil zeggen 5 \u00e0 6 cli\u00ebnten per dag.<\/p>\n<p>Hoe komt u terecht bij Zorg@Huis?<\/p>\n<p>Uw huisarts, thuiszorg, Team 290 verwijst u door naar het sociale team van de gemeente. De sociale teams komen bij u thuis voor een gesprek. U kunt \u00a0bij de <a href=\"http:\/\/zorgathuis.nl\/?page_id=199\">Sociale teams<\/a> aangeven waar uw voorkeur naar uit gaat.<\/p>\n<p>Zorg@Huis is offici\u00eble zorgaanbieder van de gemeente Midden-Groningen. U kunt bij mij ook terecht met PGB indicatie en als u kiest u voor particuliere zorg.<\/p>\n<p><strong>Heeft u andere zorg nodig?<\/strong><\/p>\n<p>Mocht u andere zorg nodig hebben dan wat hierboven genoemd is, dan kunt u <b>Zorg@Huis<\/b>\u00a0altijd bellen.<\/p>\n<p><img loading=\"lazy\" decoding=\"async\" class=\"aligncenter wp-image-36 size-medium\" src=\"http:\/\/zorgathuis.nl\/wp-content\/uploads\/2016\/01\/zorg-300x161.jpg\" alt=\"zorg\" width=\"300\" height=\"161\" srcset=\"http:\/\/zorgathuis.nl\/wp-content\/uploads\/2016\/01\/zorg-300x161.jpg 300w, http:\/\/zorgathuis.nl\/wp-content\/uploads\/2016\/01\/zorg.jpg 604w\" sizes=\"auto, (max-width: 300px) 100vw, 300px\" \/><\/p>\n","protected":false},"excerpt":{"rendered":"<p>Dagopvang. Op maandag, dinsdag en donderdag bied ik dagopvang aan mensen met beginnende dementie, mensen die eenzaam zijn en gebaat zijn om afleiding\/structuur te krijgen. De cli\u00ebnt is van 10.00-16.00 uur bij mij thuis aanwezig. De activiteiten op een dag worden afgestemd op de behoefte van de cli\u00ebnt. Kleinschalig wil zeggen 5 \u00e0 6 cli\u00ebnten &hellip; <\/p>\n<p><a class=\"more-link btn\" href=\"http:\/\/zorgathuis.nl\/?page_id=13\">Lees verder<\/a><\/p>\n","protected":false},"author":1,"featured_media":0,"parent":0,"menu_order":0,"comment_status":"closed","ping_status":"closed","template":"","meta":{"footnotes":""},"class_list":["post-13","page","type-page","status-publish","hentry","nodate","item-wrap"],"_links":{"self":[{"href":"http:\/\/zorgathuis.nl\/index.php?rest_route=\/wp\/v2\/pages\/13","targetHints":{"allow":["GET"]}}],"collection":[{"href":"http:\/\/zorgathuis.nl\/index.php?rest_route=\/wp\/v2\/pages"}],"about":[{"href":"http:\/\/zorgathuis.nl\/index.php?rest_route=\/wp\/v2\/types\/page"}],"author":[{"embeddable":true,"href":"http:\/\/zorgathuis.nl\/index.php?rest_route=\/wp\/v2\/users\/1"}],"replies":[{"embeddable":true,"href":"http:\/\/zorgathuis.nl\/index.php?rest_route=%2Fwp%2Fv2%2Fcomments&post=13"}],"version-history":[{"count":14,"href":"http:\/\/zorgathuis.nl\/index.php?rest_route=\/wp\/v2\/pages\/13\/revisions"}],"predecessor-version":[{"id":306,"href":"http:\/\/zorgathuis.nl\/index.php?rest_route=\/wp\/v2\/pages\/13\/revisions\/306"}],"wp:attachment":[{"href":"http:\/\/zorgathuis.nl\/index.php?rest_route=%2Fwp%2Fv2%2Fmedia&parent=13"}],"curies":[{"name":"wp","href":"https:\/\/api.w.org\/{rel}","templated":true}]}}